{"id":8,"date":"2025-12-11T14:47:49","date_gmt":"2025-12-11T14:47:49","guid":{"rendered":"https:\/\/www.lesecuriesdepoigny.com\/?page_id=8"},"modified":"2025-12-13T19:06:32","modified_gmt":"2025-12-13T19:06:32","slug":"accueil","status":"publish","type":"page","link":"https:\/\/www.lesecuriesdepoigny.com\/","title":{"rendered":"Accueil"},"content":{"rendered":"\t\t<div data-elementor-type=\"wp-page\" data-elementor-id=\"8\" class=\"elementor elementor-8\">\n\t\t\t\t<div class=\"elementor-element elementor-element-84f72f6 e-flex e-con-boxed e-con e-parent\" data-id=\"84f72f6\" data-element_type=\"container\">\n\t\t\t\t\t<div class=\"e-con-inner\">\n\t\t\t\t<div class=\"elementor-element elementor-element-43111be elementor-widget elementor-widget-heading\" data-id=\"43111be\" data-element_type=\"widget\" data-widget_type=\"heading.default\">\n\t\t\t\t\t<h1 class=\"elementor-heading-title elementor-size-default\">Bienvenue aux \u00c9curies de Poigny<\/h1>\t\t\t\t<\/div>\n\t\t\t\t<div class=\"elementor-element elementor-element-db16483 elementor-widget elementor-widget-text-editor\" data-id=\"db16483\" data-element_type=\"widget\" data-widget_type=\"text-editor.default\">\n\t\t\t\t\t\t\t\t\t<p>Situ\u00e9es au c\u0153ur de la nature, nos \u00e9curies offrent un environnement calme, s\u00e9curis\u00e9 et adapt\u00e9 au bien-\u00eatre des chevaux. Nous mettons un point d\u2019honneur \u00e0 proposer un accompagnement personnalis\u00e9 pour chaque cavalier et chaque \u00e9quid\u00e9.<\/p>\t\t\t\t\t\t\t\t<\/div>\n\t\t\t\t\t<\/div>\n\t\t\t\t<\/div>\n\t\t<div class=\"elementor-element elementor-element-5683ab3 e-grid e-con-boxed e-con e-parent\" data-id=\"5683ab3\" data-element_type=\"container\">\n\t\t\t\t\t<div class=\"e-con-inner\">\n\t\t\t\t<div class=\"elementor-element elementor-element-3d2f491 elementor-widget elementor-widget-image\" data-id=\"3d2f491\" data-element_type=\"widget\" data-widget_type=\"image.default\">\n\t\t\t\t\t\t\t\t\t\t\t\t\t\t\t<img decoding=\"async\" width=\"175\" height=\"125\" src=\"https:\/\/www.lesecuriesdepoigny.com\/wp-content\/uploads\/2025\/12\/2023-09-26-1.jpg\" class=\"attachment-large size-large wp-image-170\" alt=\"\" \/>\t\t\t\t\t\t\t\t\t\t\t\t\t\t\t<\/div>\n\t\t\t\t<div class=\"elementor-element elementor-element-0e08e2e elementor-widget elementor-widget-image\" data-id=\"0e08e2e\" data-element_type=\"widget\" data-widget_type=\"image.default\">\n\t\t\t\t\t\t\t\t\t\t\t\t\t\t\t<img decoding=\"async\" width=\"175\" height=\"125\" src=\"https:\/\/www.lesecuriesdepoigny.com\/wp-content\/uploads\/2025\/12\/unnamed-6.jpg\" class=\"attachment-large size-large wp-image-184\" alt=\"\" \/>\t\t\t\t\t\t\t\t\t\t\t\t\t\t\t<\/div>\n\t\t\t\t<div class=\"elementor-element elementor-element-b59c157 elementor-widget elementor-widget-image\" data-id=\"b59c157\" data-element_type=\"widget\" data-widget_type=\"image.default\">\n\t\t\t\t\t\t\t\t\t\t\t\t\t\t\t<img decoding=\"async\" width=\"175\" height=\"125\" src=\"https:\/\/www.lesecuriesdepoigny.com\/wp-content\/uploads\/2025\/12\/2023-08-06-1.jpg\" class=\"attachment-large size-large wp-image-159\" alt=\"\" \/>\t\t\t\t\t\t\t\t\t\t\t\t\t\t\t<\/div>\n\t\t\t\t<div class=\"elementor-element elementor-element-7fbadd8 elementor-widget elementor-widget-image\" data-id=\"7fbadd8\" data-element_type=\"widget\" data-widget_type=\"image.default\">\n\t\t\t\t\t\t\t\t\t\t\t\t\t\t\t<img loading=\"lazy\" decoding=\"async\" width=\"175\" height=\"146\" src=\"https:\/\/www.lesecuriesdepoigny.com\/wp-content\/uploads\/2025\/12\/unnamed-1.jpg\" class=\"attachment-large size-large wp-image-179\" alt=\"\" \/>\t\t\t\t\t\t\t\t\t\t\t\t\t\t\t<\/div>\n\t\t\t\t<div class=\"elementor-element elementor-element-7f0c842 elementor-widget elementor-widget-image\" data-id=\"7f0c842\" data-element_type=\"widget\" data-widget_type=\"image.default\">\n\t\t\t\t\t\t\t\t\t\t\t\t\t\t\t<img loading=\"lazy\" decoding=\"async\" width=\"175\" height=\"125\" src=\"https:\/\/www.lesecuriesdepoigny.com\/wp-content\/uploads\/2025\/12\/2024-05-15.jpg\" class=\"attachment-large size-large wp-image-177\" alt=\"\" \/>\t\t\t\t\t\t\t\t\t\t\t\t\t\t\t<\/div>\n\t\t\t\t<div class=\"elementor-element elementor-element-07daba8 elementor-widget elementor-widget-image\" data-id=\"07daba8\" data-element_type=\"widget\" data-widget_type=\"image.default\">\n\t\t\t\t\t\t\t\t\t\t\t\t\t\t\t<img loading=\"lazy\" decoding=\"async\" width=\"175\" height=\"125\" src=\"https:\/\/www.lesecuriesdepoigny.com\/wp-content\/uploads\/2025\/12\/2023-07-20.jpg\" class=\"attachment-large size-large wp-image-154\" alt=\"\" \/>\t\t\t\t\t\t\t\t\t\t\t\t\t\t\t<\/div>\n\t\t\t\t\t<\/div>\n\t\t\t\t<\/div>\n\t\t<div class=\"elementor-element elementor-element-773b464 e-flex e-con-boxed e-con e-parent\" data-id=\"773b464\" data-element_type=\"container\">\n\t\t\t\t\t<div class=\"e-con-inner\">\n\t\t\t\t\t<\/div>\n\t\t\t\t<\/div>\n\t\t<div class=\"elementor-element elementor-element-f0f54fe e-flex e-con-boxed e-con e-parent\" data-id=\"f0f54fe\" data-element_type=\"container\">\n\t\t\t\t\t<div class=\"e-con-inner\">\n\t\t\t\t<div class=\"elementor-element elementor-element-2269034 elementor-widget elementor-widget-text-editor\" data-id=\"2269034\" data-element_type=\"widget\" data-widget_type=\"text-editor.default\">\n\t\t\t\t\t\t\t\t\t<p>L\u2019\u00c9curie du poigny est un lieu unique o\u00f9 la passion pour l\u2019\u00e9quitation se m\u00eale \u00e0 l\u2019excellence des soins \u00e9quins. Situ\u00e9e dans un cadre verdoyant et calme, notre \u00e9curie offre un environnement s\u00e9curis\u00e9 et stimulant pour tous les cavaliers, du d\u00e9butant au comp\u00e9titeur confirm\u00e9.<\/p>\t\t\t\t\t\t\t\t<\/div>\n\t\t\t\t<div class=\"elementor-element elementor-element-24a3e97 elementor-widget elementor-widget-text-editor\" data-id=\"24a3e97\" data-element_type=\"widget\" data-widget_type=\"text-editor.default\">\n\t\t\t\t\t\t\t\t\t<p>Depuis plus de dix ans, nous accompagnons nos cavaliers dans leur progression, en mettant l\u2019accent sur le respect des chevaux, l\u2019apprentissage de techniques d\u2019\u00e9quitation modernes et la transmission de notre passion. Chaque cheval b\u00e9n\u00e9ficie d\u2019un suivi quotidien rigoureux, et chaque cavalier est guid\u00e9 par des professionnels exp\u00e9riment\u00e9s pour progresser en toute s\u00e9curit\u00e9.<\/p>\t\t\t\t\t\t\t\t<\/div>\n\t\t\t\t<div class=\"elementor-element elementor-element-0113121 elementor-widget elementor-widget-text-editor\" data-id=\"0113121\" data-element_type=\"widget\" data-widget_type=\"text-editor.default\">\n\t\t\t\t\t\t\t\t\t<p>Notre \u00e9curie est \u00e9galement un lieu de partage et d\u2019\u00e9changes : nous organisons r\u00e9guli\u00e8rement des \u00e9v\u00e9nements, des stages, des journ\u00e9es d\u00e9couvertes et des comp\u00e9titions locales, cr\u00e9ant une v\u00e9ritable communaut\u00e9 de passionn\u00e9s.<\/p>\t\t\t\t\t\t\t\t<\/div>\n\t\t\t\t\t<\/div>\n\t\t\t\t<\/div>\n\t\t\t\t<\/div>\n\t\t","protected":false},"excerpt":{"rendered":"<p>Bienvenue aux \u00c9curies de Poigny Situ\u00e9es au c\u0153ur de la nature, nos \u00e9curies offrent un environnement calme, s\u00e9curis\u00e9 et adapt\u00e9 au bien-\u00eatre des chevaux. Nous mettons un point d\u2019honneur \u00e0 proposer un accompagnement personnalis\u00e9 pour chaque cavalier et chaque \u00e9quid\u00e9. L\u2019\u00c9curie du poigny est un lieu unique o\u00f9 la passion pour l\u2019\u00e9quitation se m\u00eale \u00e0 [&hellip;]<\/p>\n","protected":false},"author":1,"featured_media":0,"parent":0,"menu_order":0,"comment_status":"closed","ping_status":"closed","template":"","meta":{"ocean_post_layout":"","ocean_both_sidebars_style":"","ocean_both_sidebars_content_width":0,"ocean_both_sidebars_sidebars_width":0,"ocean_sidebar":"","ocean_second_sidebar":"","ocean_disable_margins":"enable","ocean_add_body_class":"","ocean_shortcode_before_top_bar":"","ocean_shortcode_after_top_bar":"","ocean_shortcode_before_header":"","ocean_shortcode_after_header":"","ocean_has_shortcode":"","ocean_shortcode_after_title":"","ocean_shortcode_before_footer_widgets":"","ocean_shortcode_after_footer_widgets":"","ocean_shortcode_before_footer_bottom":"","ocean_shortcode_after_footer_bottom":"","ocean_display_top_bar":"default","ocean_display_header":"default","ocean_header_style":"","ocean_center_header_left_menu":"","ocean_custom_header_template":"","ocean_custom_logo":0,"ocean_custom_retina_logo":0,"ocean_custom_logo_max_width":0,"ocean_custom_logo_tablet_max_width":0,"ocean_custom_logo_mobile_max_width":0,"ocean_custom_logo_max_height":0,"ocean_custom_logo_tablet_max_height":0,"ocean_custom_logo_mobile_max_height":0,"ocean_header_custom_menu":"","ocean_menu_typo_font_family":"","ocean_menu_typo_font_subset":"","ocean_menu_typo_font_size":0,"ocean_menu_typo_font_size_tablet":0,"ocean_menu_typo_font_size_mobile":0,"ocean_menu_typo_font_size_unit":"px","ocean_menu_typo_font_weight":"","ocean_menu_typo_font_weight_tablet":"","ocean_menu_typo_font_weight_mobile":"","ocean_menu_typo_transform":"","ocean_menu_typo_transform_tablet":"","ocean_menu_typo_transform_mobile":"","ocean_menu_typo_line_height":0,"ocean_menu_typo_line_height_tablet":0,"ocean_menu_typo_line_height_mobile":0,"ocean_menu_typo_line_height_unit":"","ocean_menu_typo_spacing":0,"ocean_menu_typo_spacing_tablet":0,"ocean_menu_typo_spacing_mobile":0,"ocean_menu_typo_spacing_unit":"","ocean_menu_link_color":"","ocean_menu_link_color_hover":"","ocean_menu_link_color_active":"","ocean_menu_link_background":"","ocean_menu_link_hover_background":"","ocean_menu_link_active_background":"","ocean_menu_social_links_bg":"","ocean_menu_social_hover_links_bg":"","ocean_menu_social_links_color":"","ocean_menu_social_hover_links_color":"","ocean_disable_title":"on","ocean_disable_heading":"default","ocean_post_title":"","ocean_post_subheading":"","ocean_post_title_style":"","ocean_post_title_background_color":"","ocean_post_title_background":0,"ocean_post_title_bg_image_position":"","ocean_post_title_bg_image_attachment":"","ocean_post_title_bg_image_repeat":"","ocean_post_title_bg_image_size":"","ocean_post_title_height":0,"ocean_post_title_bg_overlay":0.5,"ocean_post_title_bg_overlay_color":"","ocean_disable_breadcrumbs":"default","ocean_breadcrumbs_color":"","ocean_breadcrumbs_separator_color":"","ocean_breadcrumbs_links_color":"","ocean_breadcrumbs_links_hover_color":"","ocean_display_footer_widgets":"default","ocean_display_footer_bottom":"default","ocean_custom_footer_template":"","footnotes":""},"class_list":["post-8","page","type-page","status-publish","hentry","entry"],"yoast_head":"<!-- This site is optimized with the Yoast SEO plugin v26.6 - https:\/\/yoast.com\/wordpress\/plugins\/seo\/ -->\n<title>Accueil - les \u00e9curies de poigny<\/title>\n<meta name=\"robots\" content=\"index, follow, max-snippet:-1, max-image-preview:large, max-video-preview:-1\" \/>\n<link rel=\"canonical\" href=\"http:\/\/www.lesecuriesdepoigny.com\/\" \/>\n<meta property=\"og:locale\" content=\"fr_FR\" \/>\n<meta property=\"og:type\" content=\"article\" \/>\n<meta property=\"og:title\" content=\"Accueil - les \u00e9curies de poigny\" \/>\n<meta property=\"og:description\" content=\"Bienvenue aux \u00c9curies de Poigny Situ\u00e9es au c\u0153ur de la nature, nos \u00e9curies offrent un environnement calme, s\u00e9curis\u00e9 et adapt\u00e9 au bien-\u00eatre des chevaux. Nous mettons un point d\u2019honneur \u00e0 proposer un accompagnement personnalis\u00e9 pour chaque cavalier et chaque \u00e9quid\u00e9. L\u2019\u00c9curie du poigny est un lieu unique o\u00f9 la passion pour l\u2019\u00e9quitation se m\u00eale \u00e0 [&hellip;]\" \/>\n<meta property=\"og:url\" content=\"http:\/\/www.lesecuriesdepoigny.com\/\" \/>\n<meta property=\"og:site_name\" content=\"les \u00e9curies de poigny\" \/>\n<meta property=\"article:modified_time\" content=\"2025-12-13T19:06:32+00:00\" \/>\n<meta property=\"og:image\" content=\"http:\/\/www.lesecuriesdepoigny.com\/wp-content\/uploads\/2025\/12\/2023-09-26-1.jpg\" \/>\n<meta name=\"twitter:card\" content=\"summary_large_image\" \/>\n<meta name=\"twitter:label1\" content=\"Dur\u00e9e de lecture estim\u00e9e\" \/>\n\t<meta name=\"twitter:data1\" content=\"1 minute\" \/>\n<script type=\"application\/ld+json\" class=\"yoast-schema-graph\">{\"@context\":\"https:\/\/schema.org\",\"@graph\":[{\"@type\":\"WebPage\",\"@id\":\"http:\/\/www.lesecuriesdepoigny.com\/\",\"url\":\"http:\/\/www.lesecuriesdepoigny.com\/\",\"name\":\"Accueil - les \u00e9curies de poigny\",\"isPartOf\":{\"@id\":\"http:\/\/www.lesecuriesdepoigny.com\/#website\"},\"primaryImageOfPage\":{\"@id\":\"http:\/\/www.lesecuriesdepoigny.com\/#primaryimage\"},\"image\":{\"@id\":\"http:\/\/www.lesecuriesdepoigny.com\/#primaryimage\"},\"thumbnailUrl\":\"http:\/\/www.lesecuriesdepoigny.com\/wp-content\/uploads\/2025\/12\/2023-09-26-1.jpg\",\"datePublished\":\"2025-12-11T14:47:49+00:00\",\"dateModified\":\"2025-12-13T19:06:32+00:00\",\"breadcrumb\":{\"@id\":\"http:\/\/www.lesecuriesdepoigny.com\/#breadcrumb\"},\"inLanguage\":\"fr-FR\",\"potentialAction\":[{\"@type\":\"ReadAction\",\"target\":[\"http:\/\/www.lesecuriesdepoigny.com\/\"]}]},{\"@type\":\"ImageObject\",\"inLanguage\":\"fr-FR\",\"@id\":\"http:\/\/www.lesecuriesdepoigny.com\/#primaryimage\",\"url\":\"https:\/\/www.lesecuriesdepoigny.com\/wp-content\/uploads\/2025\/12\/2023-09-26-1.jpg\",\"contentUrl\":\"https:\/\/www.lesecuriesdepoigny.com\/wp-content\/uploads\/2025\/12\/2023-09-26-1.jpg\",\"width\":175,\"height\":125},{\"@type\":\"BreadcrumbList\",\"@id\":\"http:\/\/www.lesecuriesdepoigny.com\/#breadcrumb\",\"itemListElement\":[{\"@type\":\"ListItem\",\"position\":1,\"name\":\"Accueil\",\"item\":\"http:\/\/www.lesecuriesdepoigny.com\/\"},{\"@type\":\"ListItem\",\"position\":2,\"name\":\"Accueil\"}]},{\"@type\":\"WebSite\",\"@id\":\"http:\/\/www.lesecuriesdepoigny.com\/#website\",\"url\":\"http:\/\/www.lesecuriesdepoigny.com\/\",\"name\":\"les \u00e9curies de poigny\",\"description\":\"Pension, bien-\u00eatre et accompagnement \u00e9questre\",\"publisher\":{\"@id\":\"http:\/\/www.lesecuriesdepoigny.com\/#organization\"},\"potentialAction\":[{\"@type\":\"SearchAction\",\"target\":{\"@type\":\"EntryPoint\",\"urlTemplate\":\"http:\/\/www.lesecuriesdepoigny.com\/?s={search_term_string}\"},\"query-input\":{\"@type\":\"PropertyValueSpecification\",\"valueRequired\":true,\"valueName\":\"search_term_string\"}}],\"inLanguage\":\"fr-FR\"},{\"@type\":\"Organization\",\"@id\":\"http:\/\/www.lesecuriesdepoigny.com\/#organization\",\"name\":\"les \u00e9curies de poigny\",\"url\":\"http:\/\/www.lesecuriesdepoigny.com\/\",\"logo\":{\"@type\":\"ImageObject\",\"inLanguage\":\"fr-FR\",\"@id\":\"http:\/\/www.lesecuriesdepoigny.com\/#\/schema\/logo\/image\/\",\"url\":\"https:\/\/www.lesecuriesdepoigny.com\/wp-content\/uploads\/2025\/12\/cropped-ChatGPT-Image-13-dec.-2025-15_46_26.png\",\"contentUrl\":\"https:\/\/www.lesecuriesdepoigny.com\/wp-content\/uploads\/2025\/12\/cropped-ChatGPT-Image-13-dec.-2025-15_46_26.png\",\"width\":953,\"height\":710,\"caption\":\"les \u00e9curies de poigny\"},\"image\":{\"@id\":\"http:\/\/www.lesecuriesdepoigny.com\/#\/schema\/logo\/image\/\"}}]}<\/script>\n<!-- \/ Yoast SEO plugin. -->","yoast_head_json":{"title":"Accueil - les \u00e9curies de poigny","robots":{"index":"index","follow":"follow","max-snippet":"max-snippet:-1","max-image-preview":"max-image-preview:large","max-video-preview":"max-video-preview:-1"},"canonical":"http:\/\/www.lesecuriesdepoigny.com\/","og_locale":"fr_FR","og_type":"article","og_title":"Accueil - les \u00e9curies de poigny","og_description":"Bienvenue aux \u00c9curies de Poigny Situ\u00e9es au c\u0153ur de la nature, nos \u00e9curies offrent un environnement calme, s\u00e9curis\u00e9 et adapt\u00e9 au bien-\u00eatre des chevaux. Nous mettons un point d\u2019honneur \u00e0 proposer un accompagnement personnalis\u00e9 pour chaque cavalier et chaque \u00e9quid\u00e9. L\u2019\u00c9curie du poigny est un lieu unique o\u00f9 la passion pour l\u2019\u00e9quitation se m\u00eale \u00e0 [&hellip;]","og_url":"http:\/\/www.lesecuriesdepoigny.com\/","og_site_name":"les \u00e9curies de poigny","article_modified_time":"2025-12-13T19:06:32+00:00","og_image":[{"url":"http:\/\/www.lesecuriesdepoigny.com\/wp-content\/uploads\/2025\/12\/2023-09-26-1.jpg","type":"","width":"","height":""}],"twitter_card":"summary_large_image","twitter_misc":{"Dur\u00e9e de lecture estim\u00e9e":"1 minute"},"schema":{"@context":"https:\/\/schema.org","@graph":[{"@type":"WebPage","@id":"http:\/\/www.lesecuriesdepoigny.com\/","url":"http:\/\/www.lesecuriesdepoigny.com\/","name":"Accueil - les \u00e9curies de poigny","isPartOf":{"@id":"http:\/\/www.lesecuriesdepoigny.com\/#website"},"primaryImageOfPage":{"@id":"http:\/\/www.lesecuriesdepoigny.com\/#primaryimage"},"image":{"@id":"http:\/\/www.lesecuriesdepoigny.com\/#primaryimage"},"thumbnailUrl":"http:\/\/www.lesecuriesdepoigny.com\/wp-content\/uploads\/2025\/12\/2023-09-26-1.jpg","datePublished":"2025-12-11T14:47:49+00:00","dateModified":"2025-12-13T19:06:32+00:00","breadcrumb":{"@id":"http:\/\/www.lesecuriesdepoigny.com\/#breadcrumb"},"inLanguage":"fr-FR","potentialAction":[{"@type":"ReadAction","target":["http:\/\/www.lesecuriesdepoigny.com\/"]}]},{"@type":"ImageObject","inLanguage":"fr-FR","@id":"http:\/\/www.lesecuriesdepoigny.com\/#primaryimage","url":"https:\/\/www.lesecuriesdepoigny.com\/wp-content\/uploads\/2025\/12\/2023-09-26-1.jpg","contentUrl":"https:\/\/www.lesecuriesdepoigny.com\/wp-content\/uploads\/2025\/12\/2023-09-26-1.jpg","width":175,"height":125},{"@type":"BreadcrumbList","@id":"http:\/\/www.lesecuriesdepoigny.com\/#breadcrumb","itemListElement":[{"@type":"ListItem","position":1,"name":"Accueil","item":"http:\/\/www.lesecuriesdepoigny.com\/"},{"@type":"ListItem","position":2,"name":"Accueil"}]},{"@type":"WebSite","@id":"http:\/\/www.lesecuriesdepoigny.com\/#website","url":"http:\/\/www.lesecuriesdepoigny.com\/","name":"les \u00e9curies de poigny","description":"Pension, bien-\u00eatre et accompagnement \u00e9questre","publisher":{"@id":"http:\/\/www.lesecuriesdepoigny.com\/#organization"},"potentialAction":[{"@type":"SearchAction","target":{"@type":"EntryPoint","urlTemplate":"http:\/\/www.lesecuriesdepoigny.com\/?s={search_term_string}"},"query-input":{"@type":"PropertyValueSpecification","valueRequired":true,"valueName":"search_term_string"}}],"inLanguage":"fr-FR"},{"@type":"Organization","@id":"http:\/\/www.lesecuriesdepoigny.com\/#organization","name":"les \u00e9curies de poigny","url":"http:\/\/www.lesecuriesdepoigny.com\/","logo":{"@type":"ImageObject","inLanguage":"fr-FR","@id":"http:\/\/www.lesecuriesdepoigny.com\/#\/schema\/logo\/image\/","url":"https:\/\/www.lesecuriesdepoigny.com\/wp-content\/uploads\/2025\/12\/cropped-ChatGPT-Image-13-dec.-2025-15_46_26.png","contentUrl":"https:\/\/www.lesecuriesdepoigny.com\/wp-content\/uploads\/2025\/12\/cropped-ChatGPT-Image-13-dec.-2025-15_46_26.png","width":953,"height":710,"caption":"les \u00e9curies de poigny"},"image":{"@id":"http:\/\/www.lesecuriesdepoigny.com\/#\/schema\/logo\/image\/"}}]}},"_links":{"self":[{"href":"https:\/\/www.lesecuriesdepoigny.com\/index.php\/wp-json\/wp\/v2\/pages\/8","targetHints":{"allow":["GET"]}}],"collection":[{"href":"https:\/\/www.lesecuriesdepoigny.com\/index.php\/wp-json\/wp\/v2\/pages"}],"about":[{"href":"https:\/\/www.lesecuriesdepoigny.com\/index.php\/wp-json\/wp\/v2\/types\/page"}],"author":[{"embeddable":true,"href":"https:\/\/www.lesecuriesdepoigny.com\/index.php\/wp-json\/wp\/v2\/users\/1"}],"replies":[{"embeddable":true,"href":"https:\/\/www.lesecuriesdepoigny.com\/index.php\/wp-json\/wp\/v2\/comments?post=8"}],"version-history":[{"count":14,"href":"https:\/\/www.lesecuriesdepoigny.com\/index.php\/wp-json\/wp\/v2\/pages\/8\/revisions"}],"predecessor-version":[{"id":195,"href":"https:\/\/www.lesecuriesdepoigny.com\/index.php\/wp-json\/wp\/v2\/pages\/8\/revisions\/195"}],"wp:attachment":[{"href":"https:\/\/www.lesecuriesdepoigny.com\/index.php\/wp-json\/wp\/v2\/media?parent=8"}],"curies":[{"name":"wp","href":"https:\/\/api.w.org\/{rel}","templated":true}]}}