{"id":48,"date":"2025-12-11T15:42:15","date_gmt":"2025-12-11T15:42:15","guid":{"rendered":"https:\/\/www.lesecuriesdepoigny.com\/?page_id=48"},"modified":"2025-12-25T01:28:27","modified_gmt":"2025-12-25T01:28:27","slug":"nos-installations","status":"publish","type":"page","link":"https:\/\/www.lesecuriesdepoigny.com\/index.php\/nos-installations\/","title":{"rendered":"Nos installations"},"content":{"rendered":"\t\t<div data-elementor-type=\"wp-page\" data-elementor-id=\"48\" class=\"elementor elementor-48\">\n\t\t\t\t<div class=\"elementor-element elementor-element-181f6e1 e-con-full e-flex e-con e-parent\" data-id=\"181f6e1\" data-element_type=\"container\">\n\t\t<div class=\"elementor-element elementor-element-1be5792 e-con-full e-flex e-con e-child\" data-id=\"1be5792\" data-element_type=\"container\" data-settings=\"{&quot;background_background&quot;:&quot;classic&quot;}\">\n\t\t\t\t<\/div>\n\t\t\t\t<\/div>\n\t\t<div class=\"elementor-element elementor-element-c55728f e-flex e-con-boxed e-con e-parent\" data-id=\"c55728f\" data-element_type=\"container\">\n\t\t\t\t\t<div class=\"e-con-inner\">\n\t\t<div class=\"elementor-element elementor-element-a0dc574 e-con-full e-flex e-con e-child\" data-id=\"a0dc574\" data-element_type=\"container\" data-settings=\"{&quot;background_background&quot;:&quot;classic&quot;}\">\n\t\t\t\t<div class=\"elementor-element elementor-element-d72fb3c elementor-widget elementor-widget-text-editor\" data-id=\"d72fb3c\" data-element_type=\"widget\" data-widget_type=\"text-editor.default\">\n\t\t\t\t\t\t\t\t\t<h2 data-start=\"281\" data-end=\"305\">Les \u00c9curies de Poigny<\/h2><p data-start=\"307\" data-end=\"721\">Aux <strong data-start=\"311\" data-end=\"332\">\u00c9curies de Poigny<\/strong>, nous avons con\u00e7u nos installations avec une exigence constante de qualit\u00e9, de s\u00e9curit\u00e9 et de confort, afin d\u2019offrir aux chevaux comme aux cavaliers un environnement propice au bien-\u00eatre, au travail et \u00e0 la progression. Chaque espace a \u00e9t\u00e9 pens\u00e9 pour r\u00e9pondre aux besoins physiologiques et psychologiques du cheval, tout en garantissant aux cavaliers des conditions de pratique optimales.<\/p><p data-start=\"723\" data-end=\"899\">Situ\u00e9es dans un cadre calme et verdoyant, nos \u00e9curies b\u00e9n\u00e9ficient d\u2019un environnement naturel pr\u00e9serv\u00e9, favorisant la s\u00e9r\u00e9nit\u00e9, la d\u00e9tente et l\u2019\u00e9quilibre des \u00e9quid\u00e9s accueillis.<\/p>\t\t\t\t\t\t\t\t<\/div>\n\t\t\t\t<\/div>\n\t\t<div class=\"elementor-element elementor-element-f3398b2 e-con-full e-flex e-con e-child\" data-id=\"f3398b2\" data-element_type=\"container\" data-settings=\"{&quot;background_background&quot;:&quot;classic&quot;}\">\n\t\t\t\t<div class=\"elementor-element elementor-element-c6f35c4 elementor-widget elementor-widget-text-editor\" data-id=\"c6f35c4\" data-element_type=\"widget\" data-widget_type=\"text-editor.default\">\n\t\t\t\t\t\t\t\t\t<h2 data-start=\"906\" data-end=\"936\">\ud83d\udc34 Les \u00e9curies et les boxes<\/h2><p data-start=\"938\" data-end=\"1073\">Nos chevaux sont h\u00e9berg\u00e9s dans des <strong data-start=\"973\" data-end=\"1018\">boxes spacieux, lumineux et bien ventil\u00e9s<\/strong>, con\u00e7us pour assurer confort et s\u00e9curit\u00e9 au quotidien.<\/p><p data-start=\"1075\" data-end=\"1095\">Chaque box dispose :<\/p><ol><li data-start=\"1096\" data-end=\"1145\"><p data-start=\"1098\" data-end=\"1145\">D\u2019un espace adapt\u00e9 \u00e0 la morphologie du cheval<\/p><\/li><li data-start=\"1146\" data-end=\"1187\"><p data-start=\"1148\" data-end=\"1187\">D\u2019une liti\u00e8re entretenue avec rigueur<\/p><\/li><li data-start=\"1188\" data-end=\"1254\"><p data-start=\"1190\" data-end=\"1254\">D\u2019une a\u00e9ration naturelle favorisant une bonne qualit\u00e9 de l\u2019air<\/p><\/li><li data-start=\"1255\" data-end=\"1310\"><p data-start=\"1257\" data-end=\"1310\">D\u2019un acc\u00e8s facile pour les soins et la manipulation<\/p><\/li><\/ol><p>L\u2019entretien des boxes est effectu\u00e9 quotidiennement afin de garantir une hygi\u00e8ne irr\u00e9prochable et un cadre de vie sain pour chaque cheval.<\/p>\t\t\t\t\t\t\t\t<\/div>\n\t\t\t\t<\/div>\n\t\t<div class=\"elementor-element elementor-element-543f080 e-con-full e-flex e-con e-child\" data-id=\"543f080\" data-element_type=\"container\" data-settings=\"{&quot;background_background&quot;:&quot;classic&quot;}\">\n\t\t\t\t<div class=\"elementor-element elementor-element-9731cf4 elementor-widget elementor-widget-text-editor\" data-id=\"9731cf4\" data-element_type=\"widget\" data-widget_type=\"text-editor.default\">\n\t\t\t\t\t\t\t\t\t<h2 data-start=\"1456\" data-end=\"1492\">\ud83c\udf3f Paddocks et espaces ext\u00e9rieurs<\/h2><p data-start=\"1494\" data-end=\"1677\">Les \u00c9curies de Poigny disposent de <strong data-start=\"1529\" data-end=\"1565\">paddocks s\u00e9curis\u00e9s et entretenus<\/strong>, permettant aux chevaux de b\u00e9n\u00e9ficier de sorties r\u00e9guli\u00e8res indispensables \u00e0 leur \u00e9quilibre physique et mental.<\/p><p data-start=\"1679\" data-end=\"1711\">Ces espaces ext\u00e9rieurs offrent :<\/p><ul data-start=\"1712\" data-end=\"1893\"><li data-start=\"1712\" data-end=\"1749\"><p data-start=\"1714\" data-end=\"1749\">La possibilit\u00e9 de mouvement libre<\/p><\/li><li data-start=\"1750\" data-end=\"1796\"><p data-start=\"1752\" data-end=\"1796\">Des moments de d\u00e9tente et de socialisation<\/p><\/li><li data-start=\"1797\" data-end=\"1838\"><p data-start=\"1799\" data-end=\"1838\">Une meilleure r\u00e9cup\u00e9ration musculaire<\/p><\/li><li data-start=\"1839\" data-end=\"1893\"><p data-start=\"1841\" data-end=\"1893\">Une vie plus proche des besoins naturels du cheval<\/p><\/li><\/ul><p data-start=\"1895\" data-end=\"2009\">Les sorties sont organis\u00e9es en tenant compte du temp\u00e9rament, de l\u2019\u00e2ge et des besoins sp\u00e9cifiques de chaque \u00e9quid\u00e9.<\/p>\t\t\t\t\t\t\t\t<\/div>\n\t\t\t\t<\/div>\n\t\t<div class=\"elementor-element elementor-element-36d250c e-con-full e-flex e-con e-child\" data-id=\"36d250c\" data-element_type=\"container\" data-settings=\"{&quot;background_background&quot;:&quot;classic&quot;}\">\n\t\t\t\t<div class=\"elementor-element elementor-element-37a4cdf elementor-widget elementor-widget-text-editor\" data-id=\"37a4cdf\" data-element_type=\"widget\" data-widget_type=\"text-editor.default\">\n\t\t\t\t\t\t\t\t\t<h2 data-start=\"2016\" data-end=\"2053\">\ud83c\udfc7 Carri\u00e8res et espaces de travail<\/h2><p data-start=\"2055\" data-end=\"2230\">Nous mettons \u00e0 disposition des cavaliers des <strong data-start=\"2100\" data-end=\"2148\">espaces de travail fonctionnels et s\u00e9curis\u00e9s<\/strong>, adapt\u00e9s \u00e0 la pratique de l\u2019\u00e9quitation de loisir comme au travail plus technique.<\/p><h3 data-start=\"2232\" data-end=\"2255\">Carri\u00e8re ext\u00e9rieure<\/h3><p data-start=\"2256\" data-end=\"2396\">Notre carri\u00e8re ext\u00e9rieure permet de travailler dans un cadre agr\u00e9able, en profitant de la lumi\u00e8re naturelle et de l\u2019environnement verdoyant.<\/p><p data-start=\"2398\" data-end=\"2408\">Elle est :<\/p><ul data-start=\"2409\" data-end=\"2567\"><li data-start=\"2409\" data-end=\"2437\"><p data-start=\"2411\" data-end=\"2437\">R\u00e9guli\u00e8rement entretenue<\/p><\/li><li data-start=\"2438\" data-end=\"2496\"><p data-start=\"2440\" data-end=\"2496\">Adapt\u00e9e au travail sur le plat et aux exercices vari\u00e9s<\/p><\/li><li data-start=\"2497\" data-end=\"2567\"><p data-start=\"2499\" data-end=\"2567\">Accessible aux cavaliers dans des conditions optimales de s\u00e9curit\u00e9<\/p><\/li><\/ul>\t\t\t\t\t\t\t\t<\/div>\n\t\t\t\t<\/div>\n\t\t\t\t\t<\/div>\n\t\t\t\t<\/div>\n\t\t<div class=\"elementor-element elementor-element-a82413f e-flex e-con-boxed e-con e-parent\" data-id=\"a82413f\" data-element_type=\"container\">\n\t\t\t\t\t<div class=\"e-con-inner\">\n\t\t<div class=\"elementor-element elementor-element-8897d88 e-con-full e-flex e-con e-child\" data-id=\"8897d88\" data-element_type=\"container\" data-settings=\"{&quot;background_background&quot;:&quot;classic&quot;}\">\n\t\t\t\t<\/div>\n\t\t\t\t\t<\/div>\n\t\t\t\t<\/div>\n\t\t\t\t<\/div>\n\t\t","protected":false},"excerpt":{"rendered":"<p>Les \u00c9curies de Poigny Aux \u00c9curies de Poigny, nous avons con\u00e7u nos installations avec une exigence constante de qualit\u00e9, de s\u00e9curit\u00e9 et de confort, afin d\u2019offrir aux chevaux comme aux cavaliers un environnement propice au bien-\u00eatre, au travail et \u00e0 la progression. Chaque espace a \u00e9t\u00e9 pens\u00e9 pour r\u00e9pondre aux besoins physiologiques et psychologiques du [&hellip;]<\/p>\n","protected":false},"author":1,"featured_media":295,"parent":0,"menu_order":0,"comment_status":"closed","ping_status":"closed","template":"","meta":{"ocean_post_layout":"","ocean_both_sidebars_style":"","ocean_both_sidebars_content_width":0,"ocean_both_sidebars_sidebars_width":0,"ocean_sidebar":"","ocean_second_sidebar":"","ocean_disable_margins":"enable","ocean_add_body_class":"","ocean_shortcode_before_top_bar":"","ocean_shortcode_after_top_bar":"","ocean_shortcode_before_header":"","ocean_shortcode_after_header":"","ocean_has_shortcode":"","ocean_shortcode_after_title":"","ocean_shortcode_before_footer_widgets":"","ocean_shortcode_after_footer_widgets":"","ocean_shortcode_before_footer_bottom":"","ocean_shortcode_after_footer_bottom":"","ocean_display_top_bar":"default","ocean_display_header":"default","ocean_header_style":"","ocean_center_header_left_menu":"","ocean_custom_header_template":"","ocean_custom_logo":0,"ocean_custom_retina_logo":0,"ocean_custom_logo_max_width":0,"ocean_custom_logo_tablet_max_width":0,"ocean_custom_logo_mobile_max_width":0,"ocean_custom_logo_max_height":0,"ocean_custom_logo_tablet_max_height":0,"ocean_custom_logo_mobile_max_height":0,"ocean_header_custom_menu":"","ocean_menu_typo_font_family":"","ocean_menu_typo_font_subset":"","ocean_menu_typo_font_size":0,"ocean_menu_typo_font_size_tablet":0,"ocean_menu_typo_font_size_mobile":0,"ocean_menu_typo_font_size_unit":"px","ocean_menu_typo_font_weight":"","ocean_menu_typo_font_weight_tablet":"","ocean_menu_typo_font_weight_mobile":"","ocean_menu_typo_transform":"","ocean_menu_typo_transform_tablet":"","ocean_menu_typo_transform_mobile":"","ocean_menu_typo_line_height":0,"ocean_menu_typo_line_height_tablet":0,"ocean_menu_typo_line_height_mobile":0,"ocean_menu_typo_line_height_unit":"","ocean_menu_typo_spacing":0,"ocean_menu_typo_spacing_tablet":0,"ocean_menu_typo_spacing_mobile":0,"ocean_menu_typo_spacing_unit":"","ocean_menu_link_color":"","ocean_menu_link_color_hover":"","ocean_menu_link_color_active":"","ocean_menu_link_background":"","ocean_menu_link_hover_background":"","ocean_menu_link_active_background":"","ocean_menu_social_links_bg":"","ocean_menu_social_hover_links_bg":"","ocean_menu_social_links_color":"","ocean_menu_social_hover_links_color":"","ocean_disable_title":"default","ocean_disable_heading":"default","ocean_post_title":"","ocean_post_subheading":"","ocean_post_title_style":"","ocean_post_title_background_color":"","ocean_post_title_background":0,"ocean_post_title_bg_image_position":"","ocean_post_title_bg_image_attachment":"","ocean_post_title_bg_image_repeat":"","ocean_post_title_bg_image_size":"","ocean_post_title_height":0,"ocean_post_title_bg_overlay":0.5,"ocean_post_title_bg_overlay_color":"","ocean_disable_breadcrumbs":"default","ocean_breadcrumbs_color":"","ocean_breadcrumbs_separator_color":"","ocean_breadcrumbs_links_color":"","ocean_breadcrumbs_links_hover_color":"","ocean_display_footer_widgets":"default","ocean_display_footer_bottom":"default","ocean_custom_footer_template":"","footnotes":""},"class_list":["post-48","page","type-page","status-publish","has-post-thumbnail","hentry","entry","has-media"],"yoast_head":"<!-- This site is optimized with the Yoast SEO plugin v26.6 - https:\/\/yoast.com\/wordpress\/plugins\/seo\/ -->\n<title>Nos installations - les \u00e9curies de poigny<\/title>\n<meta name=\"robots\" content=\"index, follow, max-snippet:-1, max-image-preview:large, max-video-preview:-1\" \/>\n<link rel=\"canonical\" href=\"https:\/\/www.lesecuriesdepoigny.com\/index.php\/nos-installations\/\" \/>\n<meta property=\"og:locale\" content=\"fr_FR\" \/>\n<meta property=\"og:type\" content=\"article\" \/>\n<meta property=\"og:title\" content=\"Nos installations - les \u00e9curies de poigny\" \/>\n<meta property=\"og:description\" content=\"Les \u00c9curies de Poigny Aux \u00c9curies de Poigny, nous avons con\u00e7u nos installations avec une exigence constante de qualit\u00e9, de s\u00e9curit\u00e9 et de confort, afin d\u2019offrir aux chevaux comme aux cavaliers un environnement propice au bien-\u00eatre, au travail et \u00e0 la progression. Chaque espace a \u00e9t\u00e9 pens\u00e9 pour r\u00e9pondre aux besoins physiologiques et psychologiques du [&hellip;]\" \/>\n<meta property=\"og:url\" content=\"https:\/\/www.lesecuriesdepoigny.com\/index.php\/nos-installations\/\" \/>\n<meta property=\"og:site_name\" content=\"les \u00e9curies de poigny\" \/>\n<meta property=\"article:modified_time\" content=\"2025-12-25T01:28:27+00:00\" \/>\n<meta property=\"og:image\" content=\"https:\/\/www.lesecuriesdepoigny.com\/wp-content\/uploads\/2025\/12\/62e8b5a4-26ba-4f49-b008-96e92fab9dd1.webp\" \/>\n\t<meta property=\"og:image:width\" content=\"1152\" \/>\n\t<meta property=\"og:image:height\" content=\"866\" \/>\n\t<meta property=\"og:image:type\" content=\"image\/webp\" \/>\n<meta name=\"twitter:card\" content=\"summary_large_image\" \/>\n<meta name=\"twitter:label1\" content=\"Dur\u00e9e de lecture estim\u00e9e\" \/>\n\t<meta name=\"twitter:data1\" content=\"2 minutes\" \/>\n<script type=\"application\/ld+json\" class=\"yoast-schema-graph\">{\"@context\":\"https:\/\/schema.org\",\"@graph\":[{\"@type\":\"WebPage\",\"@id\":\"https:\/\/www.lesecuriesdepoigny.com\/index.php\/nos-installations\/\",\"url\":\"https:\/\/www.lesecuriesdepoigny.com\/index.php\/nos-installations\/\",\"name\":\"Nos installations - les \u00e9curies de poigny\",\"isPartOf\":{\"@id\":\"http:\/\/www.lesecuriesdepoigny.com\/#website\"},\"primaryImageOfPage\":{\"@id\":\"https:\/\/www.lesecuriesdepoigny.com\/index.php\/nos-installations\/#primaryimage\"},\"image\":{\"@id\":\"https:\/\/www.lesecuriesdepoigny.com\/index.php\/nos-installations\/#primaryimage\"},\"thumbnailUrl\":\"https:\/\/www.lesecuriesdepoigny.com\/wp-content\/uploads\/2025\/12\/62e8b5a4-26ba-4f49-b008-96e92fab9dd1.webp\",\"datePublished\":\"2025-12-11T15:42:15+00:00\",\"dateModified\":\"2025-12-25T01:28:27+00:00\",\"breadcrumb\":{\"@id\":\"https:\/\/www.lesecuriesdepoigny.com\/index.php\/nos-installations\/#breadcrumb\"},\"inLanguage\":\"fr-FR\",\"potentialAction\":[{\"@type\":\"ReadAction\",\"target\":[\"https:\/\/www.lesecuriesdepoigny.com\/index.php\/nos-installations\/\"]}]},{\"@type\":\"ImageObject\",\"inLanguage\":\"fr-FR\",\"@id\":\"https:\/\/www.lesecuriesdepoigny.com\/index.php\/nos-installations\/#primaryimage\",\"url\":\"https:\/\/www.lesecuriesdepoigny.com\/wp-content\/uploads\/2025\/12\/62e8b5a4-26ba-4f49-b008-96e92fab9dd1.webp\",\"contentUrl\":\"https:\/\/www.lesecuriesdepoigny.com\/wp-content\/uploads\/2025\/12\/62e8b5a4-26ba-4f49-b008-96e92fab9dd1.webp\",\"width\":1152,\"height\":866},{\"@type\":\"BreadcrumbList\",\"@id\":\"https:\/\/www.lesecuriesdepoigny.com\/index.php\/nos-installations\/#breadcrumb\",\"itemListElement\":[{\"@type\":\"ListItem\",\"position\":1,\"name\":\"Accueil\",\"item\":\"http:\/\/www.lesecuriesdepoigny.com\/\"},{\"@type\":\"ListItem\",\"position\":2,\"name\":\"Nos installations\"}]},{\"@type\":\"WebSite\",\"@id\":\"http:\/\/www.lesecuriesdepoigny.com\/#website\",\"url\":\"http:\/\/www.lesecuriesdepoigny.com\/\",\"name\":\"les \u00e9curies de poigny\",\"description\":\"Pension, bien-\u00eatre et accompagnement \u00e9questre\",\"publisher\":{\"@id\":\"http:\/\/www.lesecuriesdepoigny.com\/#organization\"},\"potentialAction\":[{\"@type\":\"SearchAction\",\"target\":{\"@type\":\"EntryPoint\",\"urlTemplate\":\"http:\/\/www.lesecuriesdepoigny.com\/?s={search_term_string}\"},\"query-input\":{\"@type\":\"PropertyValueSpecification\",\"valueRequired\":true,\"valueName\":\"search_term_string\"}}],\"inLanguage\":\"fr-FR\"},{\"@type\":\"Organization\",\"@id\":\"http:\/\/www.lesecuriesdepoigny.com\/#organization\",\"name\":\"les \u00e9curies de poigny\",\"url\":\"http:\/\/www.lesecuriesdepoigny.com\/\",\"logo\":{\"@type\":\"ImageObject\",\"inLanguage\":\"fr-FR\",\"@id\":\"http:\/\/www.lesecuriesdepoigny.com\/#\/schema\/logo\/image\/\",\"url\":\"https:\/\/www.lesecuriesdepoigny.com\/wp-content\/uploads\/2025\/12\/cropped-ChatGPT-Image-13-dec.-2025-15_46_26.png\",\"contentUrl\":\"https:\/\/www.lesecuriesdepoigny.com\/wp-content\/uploads\/2025\/12\/cropped-ChatGPT-Image-13-dec.-2025-15_46_26.png\",\"width\":953,\"height\":710,\"caption\":\"les \u00e9curies de poigny\"},\"image\":{\"@id\":\"http:\/\/www.lesecuriesdepoigny.com\/#\/schema\/logo\/image\/\"}}]}<\/script>\n<!-- \/ Yoast SEO plugin. -->","yoast_head_json":{"title":"Nos installations - les \u00e9curies de poigny","robots":{"index":"index","follow":"follow","max-snippet":"max-snippet:-1","max-image-preview":"max-image-preview:large","max-video-preview":"max-video-preview:-1"},"canonical":"https:\/\/www.lesecuriesdepoigny.com\/index.php\/nos-installations\/","og_locale":"fr_FR","og_type":"article","og_title":"Nos installations - les \u00e9curies de poigny","og_description":"Les \u00c9curies de Poigny Aux \u00c9curies de Poigny, nous avons con\u00e7u nos installations avec une exigence constante de qualit\u00e9, de s\u00e9curit\u00e9 et de confort, afin d\u2019offrir aux chevaux comme aux cavaliers un environnement propice au bien-\u00eatre, au travail et \u00e0 la progression. Chaque espace a \u00e9t\u00e9 pens\u00e9 pour r\u00e9pondre aux besoins physiologiques et psychologiques du [&hellip;]","og_url":"https:\/\/www.lesecuriesdepoigny.com\/index.php\/nos-installations\/","og_site_name":"les \u00e9curies de poigny","article_modified_time":"2025-12-25T01:28:27+00:00","og_image":[{"width":1152,"height":866,"url":"https:\/\/www.lesecuriesdepoigny.com\/wp-content\/uploads\/2025\/12\/62e8b5a4-26ba-4f49-b008-96e92fab9dd1.webp","type":"image\/webp"}],"twitter_card":"summary_large_image","twitter_misc":{"Dur\u00e9e de lecture estim\u00e9e":"2 minutes"},"schema":{"@context":"https:\/\/schema.org","@graph":[{"@type":"WebPage","@id":"https:\/\/www.lesecuriesdepoigny.com\/index.php\/nos-installations\/","url":"https:\/\/www.lesecuriesdepoigny.com\/index.php\/nos-installations\/","name":"Nos installations - les \u00e9curies de poigny","isPartOf":{"@id":"http:\/\/www.lesecuriesdepoigny.com\/#website"},"primaryImageOfPage":{"@id":"https:\/\/www.lesecuriesdepoigny.com\/index.php\/nos-installations\/#primaryimage"},"image":{"@id":"https:\/\/www.lesecuriesdepoigny.com\/index.php\/nos-installations\/#primaryimage"},"thumbnailUrl":"https:\/\/www.lesecuriesdepoigny.com\/wp-content\/uploads\/2025\/12\/62e8b5a4-26ba-4f49-b008-96e92fab9dd1.webp","datePublished":"2025-12-11T15:42:15+00:00","dateModified":"2025-12-25T01:28:27+00:00","breadcrumb":{"@id":"https:\/\/www.lesecuriesdepoigny.com\/index.php\/nos-installations\/#breadcrumb"},"inLanguage":"fr-FR","potentialAction":[{"@type":"ReadAction","target":["https:\/\/www.lesecuriesdepoigny.com\/index.php\/nos-installations\/"]}]},{"@type":"ImageObject","inLanguage":"fr-FR","@id":"https:\/\/www.lesecuriesdepoigny.com\/index.php\/nos-installations\/#primaryimage","url":"https:\/\/www.lesecuriesdepoigny.com\/wp-content\/uploads\/2025\/12\/62e8b5a4-26ba-4f49-b008-96e92fab9dd1.webp","contentUrl":"https:\/\/www.lesecuriesdepoigny.com\/wp-content\/uploads\/2025\/12\/62e8b5a4-26ba-4f49-b008-96e92fab9dd1.webp","width":1152,"height":866},{"@type":"BreadcrumbList","@id":"https:\/\/www.lesecuriesdepoigny.com\/index.php\/nos-installations\/#breadcrumb","itemListElement":[{"@type":"ListItem","position":1,"name":"Accueil","item":"http:\/\/www.lesecuriesdepoigny.com\/"},{"@type":"ListItem","position":2,"name":"Nos installations"}]},{"@type":"WebSite","@id":"http:\/\/www.lesecuriesdepoigny.com\/#website","url":"http:\/\/www.lesecuriesdepoigny.com\/","name":"les \u00e9curies de poigny","description":"Pension, bien-\u00eatre et accompagnement \u00e9questre","publisher":{"@id":"http:\/\/www.lesecuriesdepoigny.com\/#organization"},"potentialAction":[{"@type":"SearchAction","target":{"@type":"EntryPoint","urlTemplate":"http:\/\/www.lesecuriesdepoigny.com\/?s={search_term_string}"},"query-input":{"@type":"PropertyValueSpecification","valueRequired":true,"valueName":"search_term_string"}}],"inLanguage":"fr-FR"},{"@type":"Organization","@id":"http:\/\/www.lesecuriesdepoigny.com\/#organization","name":"les \u00e9curies de poigny","url":"http:\/\/www.lesecuriesdepoigny.com\/","logo":{"@type":"ImageObject","inLanguage":"fr-FR","@id":"http:\/\/www.lesecuriesdepoigny.com\/#\/schema\/logo\/image\/","url":"https:\/\/www.lesecuriesdepoigny.com\/wp-content\/uploads\/2025\/12\/cropped-ChatGPT-Image-13-dec.-2025-15_46_26.png","contentUrl":"https:\/\/www.lesecuriesdepoigny.com\/wp-content\/uploads\/2025\/12\/cropped-ChatGPT-Image-13-dec.-2025-15_46_26.png","width":953,"height":710,"caption":"les \u00e9curies de poigny"},"image":{"@id":"http:\/\/www.lesecuriesdepoigny.com\/#\/schema\/logo\/image\/"}}]}},"_links":{"self":[{"href":"https:\/\/www.lesecuriesdepoigny.com\/index.php\/wp-json\/wp\/v2\/pages\/48","targetHints":{"allow":["GET"]}}],"collection":[{"href":"https:\/\/www.lesecuriesdepoigny.com\/index.php\/wp-json\/wp\/v2\/pages"}],"about":[{"href":"https:\/\/www.lesecuriesdepoigny.com\/index.php\/wp-json\/wp\/v2\/types\/page"}],"author":[{"embeddable":true,"href":"https:\/\/www.lesecuriesdepoigny.com\/index.php\/wp-json\/wp\/v2\/users\/1"}],"replies":[{"embeddable":true,"href":"https:\/\/www.lesecuriesdepoigny.com\/index.php\/wp-json\/wp\/v2\/comments?post=48"}],"version-history":[{"count":7,"href":"https:\/\/www.lesecuriesdepoigny.com\/index.php\/wp-json\/wp\/v2\/pages\/48\/revisions"}],"predecessor-version":[{"id":292,"href":"https:\/\/www.lesecuriesdepoigny.com\/index.php\/wp-json\/wp\/v2\/pages\/48\/revisions\/292"}],"wp:featuredmedia":[{"embeddable":true,"href":"https:\/\/www.lesecuriesdepoigny.com\/index.php\/wp-json\/wp\/v2\/media\/295"}],"wp:attachment":[{"href":"https:\/\/www.lesecuriesdepoigny.com\/index.php\/wp-json\/wp\/v2\/media?parent=48"}],"curies":[{"name":"wp","href":"https:\/\/api.w.org\/{rel}","templated":true}]}}