{"id":341,"date":"2025-12-25T03:11:06","date_gmt":"2025-12-25T03:11:06","guid":{"rendered":"https:\/\/www.lesecuriesdepoigny.com\/?page_id=341"},"modified":"2025-12-30T18:27:30","modified_gmt":"2025-12-30T18:27:30","slug":"rdv","status":"publish","type":"page","link":"https:\/\/www.lesecuriesdepoigny.com\/index.php\/rdv\/","title":{"rendered":"RDV"},"content":{"rendered":"\t\t<div data-elementor-type=\"wp-page\" data-elementor-id=\"341\" class=\"elementor elementor-341\">\n\t\t\t\t<div class=\"elementor-element elementor-element-04b3563 e-flex e-con-boxed e-con e-parent\" data-id=\"04b3563\" data-element_type=\"container\">\n\t\t\t\t\t<div class=\"e-con-inner\">\n\t\t\t\t<div class=\"elementor-element elementor-element-5ba8781 elementor-view-default elementor-widget elementor-widget-icon\" data-id=\"5ba8781\" data-element_type=\"widget\" data-widget_type=\"icon.default\">\n\t\t\t\t\t\t\t<div class=\"elementor-icon-wrapper\">\n\t\t\t<div class=\"elementor-icon\">\n\t\t\t<svg aria-hidden=\"true\" class=\"e-font-icon-svg e-far-calendar-alt\" viewBox=\"0 0 448 512\" xmlns=\"http:\/\/www.w3.org\/2000\/svg\"><path d=\"M148 288h-40c-6.6 0-12-5.4-12-12v-40c0-6.6 5.4-12 12-12h40c6.6 0 12 5.4 12 12v40c0 6.6-5.4 12-12 12zm108-12v-40c0-6.6-5.4-12-12-12h-40c-6.6 0-12 5.4-12 12v40c0 6.6 5.4 12 12 12h40c6.6 0 12-5.4 12-12zm96 0v-40c0-6.6-5.4-12-12-12h-40c-6.6 0-12 5.4-12 12v40c0 6.6 5.4 12 12 12h40c6.6 0 12-5.4 12-12zm-96 96v-40c0-6.6-5.4-12-12-12h-40c-6.6 0-12 5.4-12 12v40c0 6.6 5.4 12 12 12h40c6.6 0 12-5.4 12-12zm-96 0v-40c0-6.6-5.4-12-12-12h-40c-6.6 0-12 5.4-12 12v40c0 6.6 5.4 12 12 12h40c6.6 0 12-5.4 12-12zm192 0v-40c0-6.6-5.4-12-12-12h-40c-6.6 0-12 5.4-12 12v40c0 6.6 5.4 12 12 12h40c6.6 0 12-5.4 12-12zm96-260v352c0 26.5-21.5 48-48 48H48c-26.5 0-48-21.5-48-48V112c0-26.5 21.5-48 48-48h48V12c0-6.6 5.4-12 12-12h40c6.6 0 12 5.4 12 12v52h128V12c0-6.6 5.4-12 12-12h40c6.6 0 12 5.4 12 12v52h48c26.5 0 48 21.5 48 48zm-48 346V160H48v298c0 3.3 2.7 6 6 6h340c3.3 0 6-2.7 6-6z\"><\/path><\/svg>\t\t\t<\/div>\n\t\t<\/div>\n\t\t\t\t\t\t<\/div>\n\t\t\t\t<div class=\"elementor-element elementor-element-ed9c483 elementor-widget elementor-widget-heading\" data-id=\"ed9c483\" data-element_type=\"widget\" data-widget_type=\"heading.default\">\n\t\t\t\t\t<h2 class=\"elementor-heading-title elementor-size-default\">Prendre rendez-vous<\/h2>\t\t\t\t<\/div>\n\t\t\t\t\t<\/div>\n\t\t\t\t<\/div>\n\t\t<div class=\"elementor-element elementor-element-dbe1dd6 e-flex e-con-boxed e-con e-parent\" data-id=\"dbe1dd6\" data-element_type=\"container\">\n\t\t\t\t\t<div class=\"e-con-inner\">\n\t\t\t\t<div class=\"elementor-element elementor-element-7f5b9c6 elementor-widget elementor-widget-text-editor\" data-id=\"7f5b9c6\" data-element_type=\"widget\" data-widget_type=\"text-editor.default\">\n\t\t\t\t\t\t\t\t\t<p>Merci de remplir le formulaire ci-dessous. Nous vous recontacterons dans les meilleurs d\u00e9lais afin de confirmer votre rendez-vous.<\/p>\t\t\t\t\t\t\t\t<\/div>\n\t\t\t\t\t<\/div>\n\t\t\t\t<\/div>\n\t\t<div class=\"elementor-element elementor-element-1ec1f68 e-flex e-con-boxed e-con e-parent\" data-id=\"1ec1f68\" data-element_type=\"container\">\n\t\t\t\t\t<div class=\"e-con-inner\">\n\t\t\t\t<div class=\"elementor-element elementor-element-62e5683 elementor-widget elementor-widget-formidable\" data-id=\"62e5683\" data-element_type=\"widget\" data-widget_type=\"formidable.default\">\n\t\t\t\t<div class=\"elementor-widget-container\">\n\t\t\t\t\t<div class=\"frm_forms  with_frm_style frm_style_style-formidable\" id=\"frm_form_3_container\" data-token=\"20544d4c9023ef9cc763b144fe6db7bd\">\n<form enctype=\"multipart\/form-data\" method=\"post\" class=\"frm-show-form \" id=\"form_rdv\" data-token=\"20544d4c9023ef9cc763b144fe6db7bd\">\n<div class=\"frm_form_fields \">\n<fieldset>\n<legend class=\"frm_screen_reader\">RDV<\/legend>\n\n<div class=\"frm_fields_container\">\n<input type=\"hidden\" name=\"frm_action\" value=\"create\" \/>\n<input type=\"hidden\" name=\"form_id\" value=\"3\" \/>\n<input type=\"hidden\" name=\"frm_hide_fields_3\" id=\"frm_hide_fields_3\" value=\"\" \/>\n<input type=\"hidden\" name=\"form_key\" value=\"rdv\" \/>\n<input type=\"hidden\" name=\"item_meta[0]\" value=\"\" \/>\n<input type=\"hidden\" id=\"frm_submit_entry_3\" name=\"frm_submit_entry_3\" value=\"92a0491b16\" \/><input type=\"hidden\" name=\"_wp_http_referer\" value=\"\/index.php\/wp-json\/wp\/v2\/pages\/341\" \/><div id=\"frm_field_17_container\" class=\"frm_form_field form-field  frm_required_field frm_top_container frm_half\">\n\t<label for=\"field_l4ejs\" id=\"field_l4ejs_label\" class=\"frm_primary_label\">NOM\n\t\t<span class=\"frm_required\" aria-hidden=\"true\">*<\/span>\n\t<\/label>\n\t<input type=\"text\" id=\"field_l4ejs\" name=\"item_meta[17]\" value=\"\"  data-reqmsg=\"NOM ne peut pas \u00eatre vide.\" aria-required=\"true\" data-invmsg=\"NOM est non valide\" aria-invalid=\"false\"  \/>\n\t\n\t\n<\/div>\n<div id=\"frm_field_18_container\" class=\"frm_form_field form-field  frm_required_field frm_top_container frm_half\">\n\t<label for=\"field_iei8f\" id=\"field_iei8f_label\" class=\"frm_primary_label\">PRENOM\n\t\t<span class=\"frm_required\" aria-hidden=\"true\">*<\/span>\n\t<\/label>\n\t<input type=\"text\" id=\"field_iei8f\" name=\"item_meta[18]\" value=\"\"  data-reqmsg=\"PRENOM ne peut pas \u00eatre vide.\" aria-required=\"true\" data-invmsg=\"PRENOM est non valide\" aria-invalid=\"false\"  \/>\n\t\n\t\n<\/div>\n<div id=\"frm_field_21_container\" class=\"frm_form_field form-field  frm_required_field frm_top_container\">\n\t<label for=\"field_z8ppn\" id=\"field_z8ppn_label\" class=\"frm_primary_label\">E-mail\n\t\t<span class=\"frm_required\" aria-hidden=\"true\">*<\/span>\n\t<\/label>\n\t<input type=\"email\" id=\"field_z8ppn\" name=\"item_meta[21]\" value=\"\"  data-reqmsg=\"E-mail ne peut pas \u00eatre vide.\" aria-required=\"true\" data-invmsg=\"E-mail est non valide\" aria-invalid=\"false\"  \/>\n\t\n\t\n<\/div>\n<div id=\"frm_field_22_container\" class=\"frm_form_field form-field  frm_top_container\">\n\t<label for=\"field_df4j2\" id=\"field_df4j2_label\" class=\"frm_primary_label\">T\u00e9l\u00e9phone\n\t\t<span class=\"frm_required\" aria-hidden=\"true\"><\/span>\n\t<\/label>\n\t<input type=\"tel\" id=\"field_df4j2\" name=\"item_meta[22]\" value=\"\"  data-invmsg=\"T\u00e9l\u00e9phone est non valide\" aria-invalid=\"false\" pattern=\"((\\+\\d{1,3}(-|.| )?\\(?\\d\\)?(-| |.)?\\d{1,5})|(\\(?\\d{2,6}\\)?))(-|.| )?(\\d{3,4})(-|.| )?(\\d{4})(( x| ext)\\d{1,5}){0,1}$\"  \/>\n\t\n\t\n<\/div>\n<div id=\"frm_field_23_container\" class=\"frm_form_field form-field  frm_top_container\">\n\t<label for=\"field_7fo7j\" id=\"field_7fo7j_label\" class=\"frm_primary_label\">Type de rendez-vous souhait\u00e9\n\t\t<span class=\"frm_required\" aria-hidden=\"true\"><\/span>\n\t<\/label>\n\t<input type=\"text\" id=\"field_7fo7j\" name=\"item_meta[23]\" value=\"\"  data-invmsg=\"Type de rendez-vous souhait\u00e9 est non valide\" aria-invalid=\"false\"  \/>\n\t\n\t\n<\/div>\n<div id=\"frm_field_24_container\" class=\"frm_form_field form-field  frm_top_container\">\n\t<label for=\"field_wxf6m\" id=\"field_wxf6m_label\" class=\"frm_primary_label\">Date souhait\u00e9e\n\t\t<span class=\"frm_required\" aria-hidden=\"true\"><\/span>\n\t<\/label>\n\t<input type=\"text\" id=\"field_wxf6m\" name=\"item_meta[24]\" value=\"\"  data-invmsg=\"Date souhait\u00e9e est non valide\" aria-invalid=\"false\"  \/>\n\t\n\t\n<\/div>\n<div id=\"frm_field_26_container\" class=\"frm_form_field form-field  frm_required_field frm_top_container\">\n\t<label for=\"field_f05si\" id=\"field_f05si_label\" class=\"frm_primary_label\">Message\n\t\t<span class=\"frm_required\" aria-hidden=\"true\">*<\/span>\n\t<\/label>\n\t<textarea name=\"item_meta[26]\" id=\"field_f05si\" rows=\"5\"  data-reqmsg=\"Message ne peut pas \u00eatre vide.\" aria-required=\"true\" data-invmsg=\"Message est non valide\" aria-invalid=\"false\"  ><\/textarea>\n\t\n\t\n<\/div>\n<div id=\"frm_field_16_container\" class=\"frm_form_field form-field  frm_third\">\n\t<div class=\"frm_submit frm_flex\">\n<button class=\"frm_button_submit\" type=\"submit\"  >Envoyer<\/button>\n\n\n\n<\/div>\n<\/div>\n\t<input type=\"hidden\" name=\"item_key\" value=\"\" \/>\n\t\t\t<div id=\"frm_field_27_container\">\n\t\t\t<label for=\"field_4fj96\" >\n\t\t\t\tSi vous \u00eates un humain, ne remplissez pas ce champ.\t\t\t<\/label>\n\t\t\t<input  id=\"field_4fj96\" type=\"text\" class=\"frm_form_field form-field frm_verify\" name=\"item_meta[27]\" value=\"\"  \/>\n\t\t<\/div>\n\t\t<input name=\"frm_state\" type=\"hidden\" value=\"Z0zgknqHH7rhGQ9\/b3+EqKS1OIe5hKxGGOMlVKZrEBI=\" \/><\/div>\n<\/fieldset>\n<\/div>\n\n<\/form>\n<\/div>\n\t\t\t\t<\/div>\n\t\t\t\t<\/div>\n\t\t\t\t\t<\/div>\n\t\t\t\t<\/div>\n\t\t\t\t<\/div>\n\t\t","protected":false},"excerpt":{"rendered":"<p>Prendre rendez-vous Merci de remplir le formulaire ci-dessous. Nous vous recontacterons dans les meilleurs d\u00e9lais afin de confirmer votre rendez-vous. RDV NOM * PRENOM * E-mail * T\u00e9l\u00e9phone Type de rendez-vous souhait\u00e9 Date souhait\u00e9e Message * Envoyer Si vous \u00eates un humain, ne remplissez pas ce champ.<\/p>\n","protected":false},"author":1,"featured_media":0,"parent":0,"menu_order":0,"comment_status":"closed","ping_status":"closed","template":"","meta":{"ocean_post_layout":"","ocean_both_sidebars_style":"","ocean_both_sidebars_content_width":0,"ocean_both_sidebars_sidebars_width":0,"ocean_sidebar":"","ocean_second_sidebar":"","ocean_disable_margins":"enable","ocean_add_body_class":"","ocean_shortcode_before_top_bar":"","ocean_shortcode_after_top_bar":"","ocean_shortcode_before_header":"","ocean_shortcode_after_header":"","ocean_has_shortcode":"","ocean_shortcode_after_title":"","ocean_shortcode_before_footer_widgets":"","ocean_shortcode_after_footer_widgets":"","ocean_shortcode_before_footer_bottom":"","ocean_shortcode_after_footer_bottom":"","ocean_display_top_bar":"default","ocean_display_header":"default","ocean_header_style":"","ocean_center_header_left_menu":"","ocean_custom_header_template":"","ocean_custom_logo":0,"ocean_custom_retina_logo":0,"ocean_custom_logo_max_width":0,"ocean_custom_logo_tablet_max_width":0,"ocean_custom_logo_mobile_max_width":0,"ocean_custom_logo_max_height":0,"ocean_custom_logo_tablet_max_height":0,"ocean_custom_logo_mobile_max_height":0,"ocean_header_custom_menu":"","ocean_menu_typo_font_family":"","ocean_menu_typo_font_subset":"","ocean_menu_typo_font_size":0,"ocean_menu_typo_font_size_tablet":0,"ocean_menu_typo_font_size_mobile":0,"ocean_menu_typo_font_size_unit":"px","ocean_menu_typo_font_weight":"","ocean_menu_typo_font_weight_tablet":"","ocean_menu_typo_font_weight_mobile":"","ocean_menu_typo_transform":"","ocean_menu_typo_transform_tablet":"","ocean_menu_typo_transform_mobile":"","ocean_menu_typo_line_height":0,"ocean_menu_typo_line_height_tablet":0,"ocean_menu_typo_line_height_mobile":0,"ocean_menu_typo_line_height_unit":"","ocean_menu_typo_spacing":0,"ocean_menu_typo_spacing_tablet":0,"ocean_menu_typo_spacing_mobile":0,"ocean_menu_typo_spacing_unit":"","ocean_menu_link_color":"","ocean_menu_link_color_hover":"","ocean_menu_link_color_active":"","ocean_menu_link_background":"","ocean_menu_link_hover_background":"","ocean_menu_link_active_background":"","ocean_menu_social_links_bg":"","ocean_menu_social_hover_links_bg":"","ocean_menu_social_links_color":"","ocean_menu_social_hover_links_color":"","ocean_disable_title":"default","ocean_disable_heading":"default","ocean_post_title":"","ocean_post_subheading":"","ocean_post_title_style":"","ocean_post_title_background_color":"","ocean_post_title_background":0,"ocean_post_title_bg_image_position":"","ocean_post_title_bg_image_attachment":"","ocean_post_title_bg_image_repeat":"","ocean_post_title_bg_image_size":"","ocean_post_title_height":0,"ocean_post_title_bg_overlay":0.5,"ocean_post_title_bg_overlay_color":"","ocean_disable_breadcrumbs":"default","ocean_breadcrumbs_color":"","ocean_breadcrumbs_separator_color":"","ocean_breadcrumbs_links_color":"","ocean_breadcrumbs_links_hover_color":"","ocean_display_footer_widgets":"default","ocean_display_footer_bottom":"default","ocean_custom_footer_template":"","footnotes":""},"class_list":["post-341","page","type-page","status-publish","hentry","entry"],"yoast_head":"<!-- This site is optimized with the Yoast SEO plugin v26.6 - https:\/\/yoast.com\/wordpress\/plugins\/seo\/ -->\n<title>RDV - les \u00e9curies de poigny<\/title>\n<meta name=\"robots\" content=\"index, follow, max-snippet:-1, max-image-preview:large, max-video-preview:-1\" \/>\n<link rel=\"canonical\" href=\"https:\/\/www.lesecuriesdepoigny.com\/index.php\/rdv\/\" \/>\n<meta property=\"og:locale\" content=\"fr_FR\" \/>\n<meta property=\"og:type\" content=\"article\" \/>\n<meta property=\"og:title\" content=\"RDV - les \u00e9curies de poigny\" \/>\n<meta property=\"og:description\" content=\"Prendre rendez-vous Merci de remplir le formulaire ci-dessous. Nous vous recontacterons dans les meilleurs d\u00e9lais afin de confirmer votre rendez-vous. RDV NOM * PRENOM * E-mail * T\u00e9l\u00e9phone Type de rendez-vous souhait\u00e9 Date souhait\u00e9e Message * Envoyer Si vous \u00eates un humain, ne remplissez pas ce champ.\" \/>\n<meta property=\"og:url\" content=\"https:\/\/www.lesecuriesdepoigny.com\/index.php\/rdv\/\" \/>\n<meta property=\"og:site_name\" content=\"les \u00e9curies de poigny\" \/>\n<meta property=\"article:modified_time\" content=\"2025-12-30T18:27:30+00:00\" \/>\n<meta property=\"og:image\" content=\"https:\/\/www.lesecuriesdepoigny.com\/wp-content\/uploads\/2026\/01\/cropped-icone-2.png\" \/>\n\t<meta property=\"og:image:width\" content=\"512\" \/>\n\t<meta property=\"og:image:height\" content=\"512\" \/>\n\t<meta property=\"og:image:type\" content=\"image\/png\" \/>\n<meta name=\"twitter:card\" content=\"summary_large_image\" \/>\n<script type=\"application\/ld+json\" class=\"yoast-schema-graph\">{\"@context\":\"https:\/\/schema.org\",\"@graph\":[{\"@type\":\"WebPage\",\"@id\":\"https:\/\/www.lesecuriesdepoigny.com\/index.php\/rdv\/\",\"url\":\"https:\/\/www.lesecuriesdepoigny.com\/index.php\/rdv\/\",\"name\":\"RDV - les \u00e9curies de poigny\",\"isPartOf\":{\"@id\":\"http:\/\/www.lesecuriesdepoigny.com\/#website\"},\"datePublished\":\"2025-12-25T03:11:06+00:00\",\"dateModified\":\"2025-12-30T18:27:30+00:00\",\"breadcrumb\":{\"@id\":\"https:\/\/www.lesecuriesdepoigny.com\/index.php\/rdv\/#breadcrumb\"},\"inLanguage\":\"fr-FR\",\"potentialAction\":[{\"@type\":\"ReadAction\",\"target\":[\"https:\/\/www.lesecuriesdepoigny.com\/index.php\/rdv\/\"]}]},{\"@type\":\"BreadcrumbList\",\"@id\":\"https:\/\/www.lesecuriesdepoigny.com\/index.php\/rdv\/#breadcrumb\",\"itemListElement\":[{\"@type\":\"ListItem\",\"position\":1,\"name\":\"Accueil\",\"item\":\"http:\/\/www.lesecuriesdepoigny.com\/\"},{\"@type\":\"ListItem\",\"position\":2,\"name\":\"RDV\"}]},{\"@type\":\"WebSite\",\"@id\":\"http:\/\/www.lesecuriesdepoigny.com\/#website\",\"url\":\"http:\/\/www.lesecuriesdepoigny.com\/\",\"name\":\"les \u00e9curies de poigny\",\"description\":\"Pension, bien-\u00eatre et accompagnement \u00e9questre\",\"publisher\":{\"@id\":\"http:\/\/www.lesecuriesdepoigny.com\/#organization\"},\"potentialAction\":[{\"@type\":\"SearchAction\",\"target\":{\"@type\":\"EntryPoint\",\"urlTemplate\":\"http:\/\/www.lesecuriesdepoigny.com\/?s={search_term_string}\"},\"query-input\":{\"@type\":\"PropertyValueSpecification\",\"valueRequired\":true,\"valueName\":\"search_term_string\"}}],\"inLanguage\":\"fr-FR\"},{\"@type\":\"Organization\",\"@id\":\"http:\/\/www.lesecuriesdepoigny.com\/#organization\",\"name\":\"les \u00e9curies de poigny\",\"url\":\"http:\/\/www.lesecuriesdepoigny.com\/\",\"logo\":{\"@type\":\"ImageObject\",\"inLanguage\":\"fr-FR\",\"@id\":\"http:\/\/www.lesecuriesdepoigny.com\/#\/schema\/logo\/image\/\",\"url\":\"https:\/\/www.lesecuriesdepoigny.com\/wp-content\/uploads\/2025\/12\/cropped-ChatGPT-Image-13-dec.-2025-15_46_26.png\",\"contentUrl\":\"https:\/\/www.lesecuriesdepoigny.com\/wp-content\/uploads\/2025\/12\/cropped-ChatGPT-Image-13-dec.-2025-15_46_26.png\",\"width\":953,\"height\":710,\"caption\":\"les \u00e9curies de poigny\"},\"image\":{\"@id\":\"http:\/\/www.lesecuriesdepoigny.com\/#\/schema\/logo\/image\/\"}}]}<\/script>\n<!-- \/ Yoast SEO plugin. -->","yoast_head_json":{"title":"RDV - les \u00e9curies de poigny","robots":{"index":"index","follow":"follow","max-snippet":"max-snippet:-1","max-image-preview":"max-image-preview:large","max-video-preview":"max-video-preview:-1"},"canonical":"https:\/\/www.lesecuriesdepoigny.com\/index.php\/rdv\/","og_locale":"fr_FR","og_type":"article","og_title":"RDV - les \u00e9curies de poigny","og_description":"Prendre rendez-vous Merci de remplir le formulaire ci-dessous. Nous vous recontacterons dans les meilleurs d\u00e9lais afin de confirmer votre rendez-vous. RDV NOM * PRENOM * E-mail * T\u00e9l\u00e9phone Type de rendez-vous souhait\u00e9 Date souhait\u00e9e Message * Envoyer Si vous \u00eates un humain, ne remplissez pas ce champ.","og_url":"https:\/\/www.lesecuriesdepoigny.com\/index.php\/rdv\/","og_site_name":"les \u00e9curies de poigny","article_modified_time":"2025-12-30T18:27:30+00:00","og_image":[{"width":512,"height":512,"url":"https:\/\/www.lesecuriesdepoigny.com\/wp-content\/uploads\/2026\/01\/cropped-icone-2.png","type":"image\/png"}],"twitter_card":"summary_large_image","schema":{"@context":"https:\/\/schema.org","@graph":[{"@type":"WebPage","@id":"https:\/\/www.lesecuriesdepoigny.com\/index.php\/rdv\/","url":"https:\/\/www.lesecuriesdepoigny.com\/index.php\/rdv\/","name":"RDV - les \u00e9curies de poigny","isPartOf":{"@id":"http:\/\/www.lesecuriesdepoigny.com\/#website"},"datePublished":"2025-12-25T03:11:06+00:00","dateModified":"2025-12-30T18:27:30+00:00","breadcrumb":{"@id":"https:\/\/www.lesecuriesdepoigny.com\/index.php\/rdv\/#breadcrumb"},"inLanguage":"fr-FR","potentialAction":[{"@type":"ReadAction","target":["https:\/\/www.lesecuriesdepoigny.com\/index.php\/rdv\/"]}]},{"@type":"BreadcrumbList","@id":"https:\/\/www.lesecuriesdepoigny.com\/index.php\/rdv\/#breadcrumb","itemListElement":[{"@type":"ListItem","position":1,"name":"Accueil","item":"http:\/\/www.lesecuriesdepoigny.com\/"},{"@type":"ListItem","position":2,"name":"RDV"}]},{"@type":"WebSite","@id":"http:\/\/www.lesecuriesdepoigny.com\/#website","url":"http:\/\/www.lesecuriesdepoigny.com\/","name":"les \u00e9curies de poigny","description":"Pension, bien-\u00eatre et accompagnement \u00e9questre","publisher":{"@id":"http:\/\/www.lesecuriesdepoigny.com\/#organization"},"potentialAction":[{"@type":"SearchAction","target":{"@type":"EntryPoint","urlTemplate":"http:\/\/www.lesecuriesdepoigny.com\/?s={search_term_string}"},"query-input":{"@type":"PropertyValueSpecification","valueRequired":true,"valueName":"search_term_string"}}],"inLanguage":"fr-FR"},{"@type":"Organization","@id":"http:\/\/www.lesecuriesdepoigny.com\/#organization","name":"les \u00e9curies de poigny","url":"http:\/\/www.lesecuriesdepoigny.com\/","logo":{"@type":"ImageObject","inLanguage":"fr-FR","@id":"http:\/\/www.lesecuriesdepoigny.com\/#\/schema\/logo\/image\/","url":"https:\/\/www.lesecuriesdepoigny.com\/wp-content\/uploads\/2025\/12\/cropped-ChatGPT-Image-13-dec.-2025-15_46_26.png","contentUrl":"https:\/\/www.lesecuriesdepoigny.com\/wp-content\/uploads\/2025\/12\/cropped-ChatGPT-Image-13-dec.-2025-15_46_26.png","width":953,"height":710,"caption":"les \u00e9curies de poigny"},"image":{"@id":"http:\/\/www.lesecuriesdepoigny.com\/#\/schema\/logo\/image\/"}}]}},"_links":{"self":[{"href":"https:\/\/www.lesecuriesdepoigny.com\/index.php\/wp-json\/wp\/v2\/pages\/341","targetHints":{"allow":["GET"]}}],"collection":[{"href":"https:\/\/www.lesecuriesdepoigny.com\/index.php\/wp-json\/wp\/v2\/pages"}],"about":[{"href":"https:\/\/www.lesecuriesdepoigny.com\/index.php\/wp-json\/wp\/v2\/types\/page"}],"author":[{"embeddable":true,"href":"https:\/\/www.lesecuriesdepoigny.com\/index.php\/wp-json\/wp\/v2\/users\/1"}],"replies":[{"embeddable":true,"href":"https:\/\/www.lesecuriesdepoigny.com\/index.php\/wp-json\/wp\/v2\/comments?post=341"}],"version-history":[{"count":7,"href":"https:\/\/www.lesecuriesdepoigny.com\/index.php\/wp-json\/wp\/v2\/pages\/341\/revisions"}],"predecessor-version":[{"id":385,"href":"https:\/\/www.lesecuriesdepoigny.com\/index.php\/wp-json\/wp\/v2\/pages\/341\/revisions\/385"}],"wp:attachment":[{"href":"https:\/\/www.lesecuriesdepoigny.com\/index.php\/wp-json\/wp\/v2\/media?parent=341"}],"curies":[{"name":"wp","href":"https:\/\/api.w.org\/{rel}","templated":true}]}}